{"id":85,"date":"2025-04-07T14:59:55","date_gmt":"2025-04-07T14:59:55","guid":{"rendered":"https:\/\/luzdereiki.com\/?page_id=85"},"modified":"2025-05-31T09:37:05","modified_gmt":"2025-05-31T09:37:05","slug":"bienvenida-a-luz-de-reiki","status":"publish","type":"page","link":"https:\/\/luzdereiki.com\/en\/","title":{"rendered":"Luz de Reiki: your online and in-person Reiki therapy"},"content":{"rendered":"<div class=\"wp-block-group alignfull has-foreground-background-color has-background has-global-padding is-layout-constrained wp-block-group-is-layout-constrained\" style=\"margin-top:0;margin-bottom:0;padding-top:0;padding-bottom:0\">\n<div class=\"wp-block-group has-global-padding is-content-justification-left is-layout-constrained wp-container-core-group-is-layout-6ad1ded9 wp-block-group-is-layout-constrained\" style=\"padding-top:var(--wp--preset--spacing--30);padding-bottom:var(--wp--preset--spacing--30)\">\n<h1 class=\"wp-block-heading alignwide has-background-color has-text-color\" style=\"font-size:clamp(0.875rem, 0.875rem + ((1vw - 0.2rem) * 0.625), 1.25rem);\"><strong>ABOUT ME<\/strong><\/h1>\n<\/div>\n<\/div>\n\n\n\n<h2 class=\"wp-block-heading\">Remote Reiki sessions, in-person sessions, and spiritual products for your healing and well-being.<\/h2>\n\n\n\n<figure class=\"wp-block-audio\"><audio controls src=\"https:\/\/luzdereiki.com\/wp-content\/uploads\/2025\/04\/Among-The-Stars-Everet-Almond.mp3\"><\/audio><\/figure>\n\n\n\n<div class=\"wp-block-group alignfull has-tertiary-background-color has-background has-global-padding is-layout-constrained wp-container-core-group-is-layout-38cedfe0 wp-block-group-is-layout-constrained\" style=\"margin-top:0;margin-bottom:0;padding-top:var(--wp--preset--spacing--40);padding-right:var(--wp--preset--spacing--30);padding-bottom:var(--wp--preset--spacing--60);padding-left:var(--wp--preset--spacing--30)\">\n<div class=\"wp-block-columns is-layout-flex wp-container-core-columns-is-layout-28f84493 wp-block-columns-is-layout-flex\">\n<div class=\"wp-block-column is-layout-flow wp-block-column-is-layout-flow\" style=\"flex-basis:52%\">\n<figure class=\"wp-block-image\"><img loading=\"lazy\" decoding=\"async\" width=\"726\" height=\"1024\" src=\"https:\/\/luzdereiki.com\/wp-content\/uploads\/2025\/04\/20250331_160200-10-726x1024.jpg\" alt=\"\" class=\"wp-image-271\" srcset=\"https:\/\/luzdereiki.com\/wp-content\/uploads\/2025\/04\/20250331_160200-10-726x1024.jpg 726w, https:\/\/luzdereiki.com\/wp-content\/uploads\/2025\/04\/20250331_160200-10-213x300.jpg 213w, https:\/\/luzdereiki.com\/wp-content\/uploads\/2025\/04\/20250331_160200-10-768x1083.jpg 768w, https:\/\/luzdereiki.com\/wp-content\/uploads\/2025\/04\/20250331_160200-10-1090x1536.jpg 1090w, https:\/\/luzdereiki.com\/wp-content\/uploads\/2025\/04\/20250331_160200-10-1453x2048.jpg 1453w, https:\/\/luzdereiki.com\/wp-content\/uploads\/2025\/04\/20250331_160200-10-600x846.jpg 600w, https:\/\/luzdereiki.com\/wp-content\/uploads\/2025\/04\/20250331_160200-10.jpg 1753w\" sizes=\"auto, (max-width: 726px) 100vw, 726px\" \/><\/figure>\n<\/div>\n\n\n\n<div class=\"wp-block-column is-vertically-aligned-top is-layout-flow wp-block-column-is-layout-flow\" style=\"flex-basis:48%\">\n<p>My name is Cai Mart\u00ednez. I\u2019m a Reiki therapist and artist. My purpose is to bring peace and joy into your life through Reiki and artistic expression. I speak both Spanish and English, so I can offer remote or in-person Reiki sessions in either language.<\/p>\n\n\n\n<p>I offer remote Reiki sessions via video call, in-person sessions in Granada, and spiritual products designed by me to support your personal and spiritual growth, creating a harmonious and nurturing environment.<\/p>\n\n\n\n<p>I look forward to sharing universal life energy with you and supporting you on your transformation. I am waiting for you with an open heart!<\/p>\n<\/div>\n<\/div>\n<\/div>\n\n\n\n<div class=\"wp-block-group alignwide has-background-background-color has-background is-nowrap is-layout-flex wp-container-core-group-is-layout-dc8bf109 wp-block-group-is-layout-flex\" style=\"margin-top:0;margin-bottom:0;padding-top:var(--wp--preset--spacing--60);padding-right:var(--wp--preset--spacing--30);padding-bottom:var(--wp--preset--spacing--60);padding-left:var(--wp--preset--spacing--30)\">\n<div class=\"wp-block-columns alignwide is-layout-flex wp-container-core-columns-is-layout-47c06fe3 wp-block-columns-is-layout-flex\">\n<div class=\"wp-block-column is-layout-flow wp-block-column-is-layout-flow\" style=\"flex-basis:50%\">\n<h2 class=\"wp-block-heading has-large-font-size\">Discover how Luz de Reiki transforms your life through energy healing and creativity.<\/h2>\n\n\n\n<figure class=\"wp-block-image size-full is-resized is-style-rounded\"><img loading=\"lazy\" decoding=\"async\" width=\"1500\" height=\"1500\" src=\"https:\/\/luzdereiki.com\/wp-content\/uploads\/2025\/04\/Logotipo-Profesora-de-Reiki-Delicado-Verde-y-Azul-2.png\" alt=\"\" class=\"wp-image-322\" style=\"width:449px;height:auto\" srcset=\"https:\/\/luzdereiki.com\/wp-content\/uploads\/2025\/04\/Logotipo-Profesora-de-Reiki-Delicado-Verde-y-Azul-2.png 1500w, https:\/\/luzdereiki.com\/wp-content\/uploads\/2025\/04\/Logotipo-Profesora-de-Reiki-Delicado-Verde-y-Azul-2-300x300.png 300w, https:\/\/luzdereiki.com\/wp-content\/uploads\/2025\/04\/Logotipo-Profesora-de-Reiki-Delicado-Verde-y-Azul-2-1024x1024.png 1024w, https:\/\/luzdereiki.com\/wp-content\/uploads\/2025\/04\/Logotipo-Profesora-de-Reiki-Delicado-Verde-y-Azul-2-150x150.png 150w, https:\/\/luzdereiki.com\/wp-content\/uploads\/2025\/04\/Logotipo-Profesora-de-Reiki-Delicado-Verde-y-Azul-2-768x768.png 768w, https:\/\/luzdereiki.com\/wp-content\/uploads\/2025\/04\/Logotipo-Profesora-de-Reiki-Delicado-Verde-y-Azul-2-12x12.png 12w, https:\/\/luzdereiki.com\/wp-content\/uploads\/2025\/04\/Logotipo-Profesora-de-Reiki-Delicado-Verde-y-Azul-2-600x600.png 600w, https:\/\/luzdereiki.com\/wp-content\/uploads\/2025\/04\/Logotipo-Profesora-de-Reiki-Delicado-Verde-y-Azul-2-100x100.png 100w\" sizes=\"auto, (max-width: 1500px) 100vw, 1500px\" \/><\/figure>\n<\/div>\n\n\n\n<div class=\"wp-block-column is-vertically-aligned-center is-layout-flow wp-container-core-column-is-layout-f5bb311e wp-block-column-is-layout-flow\" style=\"flex-basis:50%\">\n<p><strong>At Luz de Reiki, my purpose is to help you find inner balance and holistic well-being through the energy of Reiki \u2014 a life force filled with love.<\/strong><br>I deeply trust in the transformative power of love as a source to harmonize the mind, revitalize the body, and uplift the spirit.<\/p>\n\n\n\n<p>\ud83d\udcab <strong>Receive Reiki and enjoy its many benefits:<\/strong><\/p>\n\n\n\n<ul class=\"wp-block-list\">\n<li>Harmonizes body, mind, and spirit<\/li>\n\n\n\n<li>Reduces stress and anxiety<\/li>\n\n\n\n<li>Releases emotional and energetic blockages<\/li>\n\n\n\n<li>Promotes inner peace and mental clarity<\/li>\n\n\n\n<li>Raises your vibration and overall well-being<\/li>\n\n\n\n<li>Supports physical and emotional healing processes<\/li>\n\n\n\n<li>Connects you with your essence and life energy<\/li>\n<\/ul>\n\n\n\n<p><strong>What are you waiting for to receive the blessings of Reiki?<\/strong><br>From the comfort of your home or in person in the center of Granada, the energy will reach you, surrounding you with light, peace, and well-being.<\/p>\n<\/div>\n<\/div>\n<\/div>\n\n\n\n<div class=\"wp-block-group alignfull has-tertiary-background-color has-background has-global-padding is-layout-constrained wp-container-core-group-is-layout-7276a2bb wp-block-group-is-layout-constrained\" style=\"margin-top:0;margin-bottom:0;padding-top:var(--wp--preset--spacing--60);padding-right:var(--wp--preset--spacing--30);padding-bottom:var(--wp--preset--spacing--60);padding-left:var(--wp--preset--spacing--30)\">\n<div class=\"wp-block-group alignwide is-vertical is-layout-flex wp-container-core-group-is-layout-fe9cc265 wp-block-group-is-layout-flex\">\n<div class=\"wp-block-group has-global-padding is-layout-constrained wp-block-group-is-layout-constrained\">\n<h2 class=\"wp-block-heading has-large-font-size\">Immerse yourself in the inspiring gallery<\/h2>\n\n\n\n<p style=\"margin-top:16px\">Here you will find a carefully curated selection of images showcasing some of the products I've designed, available in my Etsy and Amazon shops.<\/p>\n\n\n\n<p>Etsy shop link: <a href=\"https:\/\/artedrolma.etsy.com\" title=\"\">https:\/\/artedrolma.etsy.com<\/a><\/p>\n\n\n\n<p>Amazon link (Cai Mart\u00ednez): <a href=\"https:\/\/amzn.eu\/d\/hM9vdcY\" title=\"\">https:\/\/amzn.eu\/d\/hM9vdcY<\/a><\/p>\n<\/div>\n<\/div>\n\n\n\n<figure class=\"wp-block-gallery alignwide has-nested-images columns-default is-cropped wp-block-gallery-1 is-layout-flex wp-block-gallery-is-layout-flex\">\n<figure data-wp-context=\"{&quot;imageId&quot;:&quot;69e22e2089ed7&quot;}\" data-wp-interactive=\"core\/image\" data-wp-key=\"69e22e2089ed7\" class=\"wp-block-image size-large is-style-rounded wp-lightbox-container\"><img loading=\"lazy\" decoding=\"async\" width=\"1024\" height=\"1024\" data-wp-class--hide=\"state.isContentHidden\" data-wp-class--show=\"state.isContentVisible\" data-wp-init=\"callbacks.setButtonStyles\" data-wp-on--click=\"actions.showLightbox\" data-wp-on--load=\"callbacks.setButtonStyles\" data-wp-on-window--resize=\"callbacks.setButtonStyles\" data-id=\"170\" src=\"https:\/\/luzdereiki.com\/wp-content\/uploads\/2025\/04\/cho-ku-rei-iphone-1024x1024.jpg\" alt=\"\" class=\"wp-image-170\" srcset=\"https:\/\/luzdereiki.com\/wp-content\/uploads\/2025\/04\/cho-ku-rei-iphone-1024x1024.jpg 1024w, https:\/\/luzdereiki.com\/wp-content\/uploads\/2025\/04\/cho-ku-rei-iphone-300x300.jpg 300w, https:\/\/luzdereiki.com\/wp-content\/uploads\/2025\/04\/cho-ku-rei-iphone-150x150.jpg 150w, https:\/\/luzdereiki.com\/wp-content\/uploads\/2025\/04\/cho-ku-rei-iphone-768x768.jpg 768w, https:\/\/luzdereiki.com\/wp-content\/uploads\/2025\/04\/cho-ku-rei-iphone-1536x1536.jpg 1536w, https:\/\/luzdereiki.com\/wp-content\/uploads\/2025\/04\/cho-ku-rei-iphone-600x600.jpg 600w, https:\/\/luzdereiki.com\/wp-content\/uploads\/2025\/04\/cho-ku-rei-iphone-100x100.jpg 100w, https:\/\/luzdereiki.com\/wp-content\/uploads\/2025\/04\/cho-ku-rei-iphone.jpg 2000w\" sizes=\"auto, (max-width: 1024px) 100vw, 1024px\" \/><button\n\t\t\tclass=\"lightbox-trigger\"\n\t\t\ttype=\"button\"\n\t\t\taria-haspopup=\"dialog\"\n\t\t\taria-label=\"Enlarge\"\n\t\t\tdata-wp-init=\"callbacks.initTriggerButton\"\n\t\t\tdata-wp-on--click=\"actions.showLightbox\"\n\t\t\tdata-wp-style--right=\"state.imageButtonRight\"\n\t\t\tdata-wp-style--top=\"state.imageButtonTop\"\n\t\t>\n\t\t\t<svg xmlns=\"http:\/\/www.w3.org\/2000\/svg\" width=\"12\" height=\"12\" fill=\"none\" viewbox=\"0 0 12 12\">\n\t\t\t\t<path fill=\"#fff\" d=\"M2 0a2 2 0 0 0-2 2v2h1.5V2a.5.5 0 0 1 .5-.5h2V0H2Zm2 10.5H2a.5.5 0 0 1-.5-.5V8H0v2a2 2 0 0 0 2 2h2v-1.5ZM8 12v-1.5h2a.5.5 0 0 0 .5-.5V8H12v2a2 2 0 0 1-2 2H8Zm2-12a2 2 0 0 1 2 2v2h-1.5V2a.5.5 0 0 0-.5-.5H8V0h2Z\" \/>\n\t\t\t<\/svg>\n\t\t<\/button><figcaption class=\"wp-element-caption\">A la venta en mi tienda Etsy<\/figcaption><\/figure>\n\n\n\n<figure data-wp-context=\"{&quot;imageId&quot;:&quot;69e22e208a76c&quot;}\" data-wp-interactive=\"core\/image\" data-wp-key=\"69e22e208a76c\" class=\"wp-block-image size-large is-style-rounded wp-lightbox-container\"><img loading=\"lazy\" decoding=\"async\" width=\"1024\" height=\"1024\" data-wp-class--hide=\"state.isContentHidden\" data-wp-class--show=\"state.isContentVisible\" data-wp-init=\"callbacks.setButtonStyles\" data-wp-on--click=\"actions.showLightbox\" data-wp-on--load=\"callbacks.setButtonStyles\" data-wp-on-window--resize=\"callbacks.setButtonStyles\" data-id=\"201\" src=\"https:\/\/luzdereiki.com\/wp-content\/uploads\/2025\/04\/white-glossy-mug-white-15-oz-handle-on-left-67f264f574ab5-1024x1024.png\" alt=\"\" class=\"wp-image-201\" srcset=\"https:\/\/luzdereiki.com\/wp-content\/uploads\/2025\/04\/white-glossy-mug-white-15-oz-handle-on-left-67f264f574ab5-1024x1024.png 1024w, https:\/\/luzdereiki.com\/wp-content\/uploads\/2025\/04\/white-glossy-mug-white-15-oz-handle-on-left-67f264f574ab5-300x300.png 300w, https:\/\/luzdereiki.com\/wp-content\/uploads\/2025\/04\/white-glossy-mug-white-15-oz-handle-on-left-67f264f574ab5-150x150.png 150w, https:\/\/luzdereiki.com\/wp-content\/uploads\/2025\/04\/white-glossy-mug-white-15-oz-handle-on-left-67f264f574ab5-768x768.png 768w, https:\/\/luzdereiki.com\/wp-content\/uploads\/2025\/04\/white-glossy-mug-white-15-oz-handle-on-left-67f264f574ab5-1536x1536.png 1536w, https:\/\/luzdereiki.com\/wp-content\/uploads\/2025\/04\/white-glossy-mug-white-15-oz-handle-on-left-67f264f574ab5-600x600.png 600w, https:\/\/luzdereiki.com\/wp-content\/uploads\/2025\/04\/white-glossy-mug-white-15-oz-handle-on-left-67f264f574ab5-100x100.png 100w, https:\/\/luzdereiki.com\/wp-content\/uploads\/2025\/04\/white-glossy-mug-white-15-oz-handle-on-left-67f264f574ab5.png 2000w\" sizes=\"auto, (max-width: 1024px) 100vw, 1024px\" \/><button\n\t\t\tclass=\"lightbox-trigger\"\n\t\t\ttype=\"button\"\n\t\t\taria-haspopup=\"dialog\"\n\t\t\taria-label=\"Enlarge\"\n\t\t\tdata-wp-init=\"callbacks.initTriggerButton\"\n\t\t\tdata-wp-on--click=\"actions.showLightbox\"\n\t\t\tdata-wp-style--right=\"state.imageButtonRight\"\n\t\t\tdata-wp-style--top=\"state.imageButtonTop\"\n\t\t>\n\t\t\t<svg xmlns=\"http:\/\/www.w3.org\/2000\/svg\" width=\"12\" height=\"12\" fill=\"none\" viewbox=\"0 0 12 12\">\n\t\t\t\t<path fill=\"#fff\" d=\"M2 0a2 2 0 0 0-2 2v2h1.5V2a.5.5 0 0 1 .5-.5h2V0H2Zm2 10.5H2a.5.5 0 0 1-.5-.5V8H0v2a2 2 0 0 0 2 2h2v-1.5ZM8 12v-1.5h2a.5.5 0 0 0 .5-.5V8H12v2a2 2 0 0 1-2 2H8Zm2-12a2 2 0 0 1 2 2v2h-1.5V2a.5.5 0 0 0-.5-.5H8V0h2Z\" \/>\n\t\t\t<\/svg>\n\t\t<\/button><figcaption class=\"wp-element-caption\">A la venta en mi tienda Etsy<\/figcaption><\/figure>\n\n\n\n<figure data-wp-context=\"{&quot;imageId&quot;:&quot;69e22e208af79&quot;}\" data-wp-interactive=\"core\/image\" data-wp-key=\"69e22e208af79\" class=\"wp-block-image size-large is-style-rounded wp-lightbox-container\"><img loading=\"lazy\" decoding=\"async\" width=\"1024\" height=\"1024\" data-wp-class--hide=\"state.isContentHidden\" data-wp-class--show=\"state.isContentVisible\" data-wp-init=\"callbacks.setButtonStyles\" data-wp-on--click=\"actions.showLightbox\" data-wp-on--load=\"callbacks.setButtonStyles\" data-wp-on-window--resize=\"callbacks.setButtonStyles\" data-id=\"202\" src=\"https:\/\/luzdereiki.com\/wp-content\/uploads\/2025\/04\/cork-back-coaster-front-67f2b42f39843-1024x1024.jpg\" alt=\"\" class=\"wp-image-202\" srcset=\"https:\/\/luzdereiki.com\/wp-content\/uploads\/2025\/04\/cork-back-coaster-front-67f2b42f39843-1024x1024.jpg 1024w, https:\/\/luzdereiki.com\/wp-content\/uploads\/2025\/04\/cork-back-coaster-front-67f2b42f39843-300x300.jpg 300w, https:\/\/luzdereiki.com\/wp-content\/uploads\/2025\/04\/cork-back-coaster-front-67f2b42f39843-150x150.jpg 150w, https:\/\/luzdereiki.com\/wp-content\/uploads\/2025\/04\/cork-back-coaster-front-67f2b42f39843-768x768.jpg 768w, https:\/\/luzdereiki.com\/wp-content\/uploads\/2025\/04\/cork-back-coaster-front-67f2b42f39843-1536x1536.jpg 1536w, https:\/\/luzdereiki.com\/wp-content\/uploads\/2025\/04\/cork-back-coaster-front-67f2b42f39843-600x600.jpg 600w, https:\/\/luzdereiki.com\/wp-content\/uploads\/2025\/04\/cork-back-coaster-front-67f2b42f39843-100x100.jpg 100w, https:\/\/luzdereiki.com\/wp-content\/uploads\/2025\/04\/cork-back-coaster-front-67f2b42f39843.jpg 2000w\" sizes=\"auto, (max-width: 1024px) 100vw, 1024px\" \/><button\n\t\t\tclass=\"lightbox-trigger\"\n\t\t\ttype=\"button\"\n\t\t\taria-haspopup=\"dialog\"\n\t\t\taria-label=\"Enlarge\"\n\t\t\tdata-wp-init=\"callbacks.initTriggerButton\"\n\t\t\tdata-wp-on--click=\"actions.showLightbox\"\n\t\t\tdata-wp-style--right=\"state.imageButtonRight\"\n\t\t\tdata-wp-style--top=\"state.imageButtonTop\"\n\t\t>\n\t\t\t<svg xmlns=\"http:\/\/www.w3.org\/2000\/svg\" width=\"12\" height=\"12\" fill=\"none\" viewbox=\"0 0 12 12\">\n\t\t\t\t<path fill=\"#fff\" d=\"M2 0a2 2 0 0 0-2 2v2h1.5V2a.5.5 0 0 1 .5-.5h2V0H2Zm2 10.5H2a.5.5 0 0 1-.5-.5V8H0v2a2 2 0 0 0 2 2h2v-1.5ZM8 12v-1.5h2a.5.5 0 0 0 .5-.5V8H12v2a2 2 0 0 1-2 2H8Zm2-12a2 2 0 0 1 2 2v2h-1.5V2a.5.5 0 0 0-.5-.5H8V0h2Z\" \/>\n\t\t\t<\/svg>\n\t\t<\/button><figcaption class=\"wp-element-caption\">A la venta en mi tienda Etsy<\/figcaption><\/figure>\n\n\n\n<figure data-wp-context=\"{&quot;imageId&quot;:&quot;69e22e208b805&quot;}\" data-wp-interactive=\"core\/image\" data-wp-key=\"69e22e208b805\" class=\"wp-block-image size-large is-style-rounded wp-lightbox-container\"><img loading=\"lazy\" decoding=\"async\" width=\"576\" height=\"1024\" data-wp-class--hide=\"state.isContentHidden\" data-wp-class--show=\"state.isContentVisible\" data-wp-init=\"callbacks.setButtonStyles\" data-wp-on--click=\"actions.showLightbox\" data-wp-on--load=\"callbacks.setButtonStyles\" data-wp-on-window--resize=\"callbacks.setButtonStyles\" data-id=\"181\" src=\"https:\/\/luzdereiki.com\/wp-content\/uploads\/2025\/04\/WhatsApp-Image-2025-04-05-at-22.49.01-1-576x1024.jpeg\" alt=\"\" class=\"wp-image-181\" srcset=\"https:\/\/luzdereiki.com\/wp-content\/uploads\/2025\/04\/WhatsApp-Image-2025-04-05-at-22.49.01-1-576x1024.jpeg 576w, https:\/\/luzdereiki.com\/wp-content\/uploads\/2025\/04\/WhatsApp-Image-2025-04-05-at-22.49.01-1-169x300.jpeg 169w, https:\/\/luzdereiki.com\/wp-content\/uploads\/2025\/04\/WhatsApp-Image-2025-04-05-at-22.49.01-1-768x1366.jpeg 768w, https:\/\/luzdereiki.com\/wp-content\/uploads\/2025\/04\/WhatsApp-Image-2025-04-05-at-22.49.01-1-864x1536.jpeg 864w, https:\/\/luzdereiki.com\/wp-content\/uploads\/2025\/04\/WhatsApp-Image-2025-04-05-at-22.49.01-1-600x1067.jpeg 600w, https:\/\/luzdereiki.com\/wp-content\/uploads\/2025\/04\/WhatsApp-Image-2025-04-05-at-22.49.01-1.jpeg 899w\" sizes=\"auto, (max-width: 576px) 100vw, 576px\" \/><button\n\t\t\tclass=\"lightbox-trigger\"\n\t\t\ttype=\"button\"\n\t\t\taria-haspopup=\"dialog\"\n\t\t\taria-label=\"Enlarge\"\n\t\t\tdata-wp-init=\"callbacks.initTriggerButton\"\n\t\t\tdata-wp-on--click=\"actions.showLightbox\"\n\t\t\tdata-wp-style--right=\"state.imageButtonRight\"\n\t\t\tdata-wp-style--top=\"state.imageButtonTop\"\n\t\t>\n\t\t\t<svg xmlns=\"http:\/\/www.w3.org\/2000\/svg\" width=\"12\" height=\"12\" fill=\"none\" viewbox=\"0 0 12 12\">\n\t\t\t\t<path fill=\"#fff\" d=\"M2 0a2 2 0 0 0-2 2v2h1.5V2a.5.5 0 0 1 .5-.5h2V0H2Zm2 10.5H2a.5.5 0 0 1-.5-.5V8H0v2a2 2 0 0 0 2 2h2v-1.5ZM8 12v-1.5h2a.5.5 0 0 0 .5-.5V8H12v2a2 2 0 0 1-2 2H8Zm2-12a2 2 0 0 1 2 2v2h-1.5V2a.5.5 0 0 0-.5-.5H8V0h2Z\" \/>\n\t\t\t<\/svg>\n\t\t<\/button><figcaption class=\"wp-element-caption\">A la venta en Amazon<\/figcaption><\/figure>\n\n\n\n<figure data-wp-context=\"{&quot;imageId&quot;:&quot;69e22e208bff5&quot;}\" data-wp-interactive=\"core\/image\" data-wp-key=\"69e22e208bff5\" class=\"wp-block-image size-large is-style-rounded wp-lightbox-container\"><img loading=\"lazy\" decoding=\"async\" width=\"697\" height=\"1024\" data-wp-class--hide=\"state.isContentHidden\" data-wp-class--show=\"state.isContentVisible\" data-wp-init=\"callbacks.setButtonStyles\" data-wp-on--click=\"actions.showLightbox\" data-wp-on--load=\"callbacks.setButtonStyles\" data-wp-on-window--resize=\"callbacks.setButtonStyles\" data-id=\"491\" src=\"https:\/\/luzdereiki.com\/wp-content\/uploads\/2025\/05\/IMG-20250509-WA0013-697x1024.jpg\" alt=\"\" class=\"wp-image-491\" srcset=\"https:\/\/luzdereiki.com\/wp-content\/uploads\/2025\/05\/IMG-20250509-WA0013-697x1024.jpg 697w, https:\/\/luzdereiki.com\/wp-content\/uploads\/2025\/05\/IMG-20250509-WA0013-204x300.jpg 204w, https:\/\/luzdereiki.com\/wp-content\/uploads\/2025\/05\/IMG-20250509-WA0013-768x1128.jpg 768w, https:\/\/luzdereiki.com\/wp-content\/uploads\/2025\/05\/IMG-20250509-WA0013-1046x1536.jpg 1046w, https:\/\/luzdereiki.com\/wp-content\/uploads\/2025\/05\/IMG-20250509-WA0013-8x12.jpg 8w, https:\/\/luzdereiki.com\/wp-content\/uploads\/2025\/05\/IMG-20250509-WA0013-600x881.jpg 600w, https:\/\/luzdereiki.com\/wp-content\/uploads\/2025\/05\/IMG-20250509-WA0013.jpg 1139w\" sizes=\"auto, (max-width: 697px) 100vw, 697px\" \/><button\n\t\t\tclass=\"lightbox-trigger\"\n\t\t\ttype=\"button\"\n\t\t\taria-haspopup=\"dialog\"\n\t\t\taria-label=\"Enlarge\"\n\t\t\tdata-wp-init=\"callbacks.initTriggerButton\"\n\t\t\tdata-wp-on--click=\"actions.showLightbox\"\n\t\t\tdata-wp-style--right=\"state.imageButtonRight\"\n\t\t\tdata-wp-style--top=\"state.imageButtonTop\"\n\t\t>\n\t\t\t<svg xmlns=\"http:\/\/www.w3.org\/2000\/svg\" width=\"12\" height=\"12\" fill=\"none\" viewbox=\"0 0 12 12\">\n\t\t\t\t<path fill=\"#fff\" d=\"M2 0a2 2 0 0 0-2 2v2h1.5V2a.5.5 0 0 1 .5-.5h2V0H2Zm2 10.5H2a.5.5 0 0 1-.5-.5V8H0v2a2 2 0 0 0 2 2h2v-1.5ZM8 12v-1.5h2a.5.5 0 0 0 .5-.5V8H12v2a2 2 0 0 1-2 2H8Zm2-12a2 2 0 0 1 2 2v2h-1.5V2a.5.5 0 0 0-.5-.5H8V0h2Z\" \/>\n\t\t\t<\/svg>\n\t\t<\/button><figcaption class=\"wp-element-caption\">A la venta en Amazon<\/figcaption><\/figure>\n\n\n\n<figure data-wp-context=\"{&quot;imageId&quot;:&quot;69e22e208c8ac&quot;}\" data-wp-interactive=\"core\/image\" data-wp-key=\"69e22e208c8ac\" class=\"wp-block-image size-large is-style-rounded wp-lightbox-container\"><img loading=\"lazy\" decoding=\"async\" width=\"680\" height=\"1024\" data-wp-class--hide=\"state.isContentHidden\" data-wp-class--show=\"state.isContentVisible\" data-wp-init=\"callbacks.setButtonStyles\" data-wp-on--click=\"actions.showLightbox\" data-wp-on--load=\"callbacks.setButtonStyles\" data-wp-on-window--resize=\"callbacks.setButtonStyles\" data-id=\"490\" src=\"https:\/\/luzdereiki.com\/wp-content\/uploads\/2025\/05\/IMG-20250521-WA0021-680x1024.jpg\" alt=\"\" class=\"wp-image-490\" srcset=\"https:\/\/luzdereiki.com\/wp-content\/uploads\/2025\/05\/IMG-20250521-WA0021-680x1024.jpg 680w, https:\/\/luzdereiki.com\/wp-content\/uploads\/2025\/05\/IMG-20250521-WA0021-199x300.jpg 199w, https:\/\/luzdereiki.com\/wp-content\/uploads\/2025\/05\/IMG-20250521-WA0021-768x1157.jpg 768w, https:\/\/luzdereiki.com\/wp-content\/uploads\/2025\/05\/IMG-20250521-WA0021-1020x1536.jpg 1020w, https:\/\/luzdereiki.com\/wp-content\/uploads\/2025\/05\/IMG-20250521-WA0021-8x12.jpg 8w, https:\/\/luzdereiki.com\/wp-content\/uploads\/2025\/05\/IMG-20250521-WA0021-600x904.jpg 600w, https:\/\/luzdereiki.com\/wp-content\/uploads\/2025\/05\/IMG-20250521-WA0021.jpg 1152w\" sizes=\"auto, (max-width: 680px) 100vw, 680px\" \/><button\n\t\t\tclass=\"lightbox-trigger\"\n\t\t\ttype=\"button\"\n\t\t\taria-haspopup=\"dialog\"\n\t\t\taria-label=\"Enlarge\"\n\t\t\tdata-wp-init=\"callbacks.initTriggerButton\"\n\t\t\tdata-wp-on--click=\"actions.showLightbox\"\n\t\t\tdata-wp-style--right=\"state.imageButtonRight\"\n\t\t\tdata-wp-style--top=\"state.imageButtonTop\"\n\t\t>\n\t\t\t<svg xmlns=\"http:\/\/www.w3.org\/2000\/svg\" width=\"12\" height=\"12\" fill=\"none\" viewbox=\"0 0 12 12\">\n\t\t\t\t<path fill=\"#fff\" d=\"M2 0a2 2 0 0 0-2 2v2h1.5V2a.5.5 0 0 1 .5-.5h2V0H2Zm2 10.5H2a.5.5 0 0 1-.5-.5V8H0v2a2 2 0 0 0 2 2h2v-1.5ZM8 12v-1.5h2a.5.5 0 0 0 .5-.5V8H12v2a2 2 0 0 1-2 2H8Zm2-12a2 2 0 0 1 2 2v2h-1.5V2a.5.5 0 0 0-.5-.5H8V0h2Z\" \/>\n\t\t\t<\/svg>\n\t\t<\/button><figcaption class=\"wp-element-caption\">A la venta en Amazon<\/figcaption><\/figure>\n<\/figure>\n<\/div>\n\n\n\n<div class=\"wp-block-group alignfull has-tertiary-background-color has-background has-global-padding is-layout-constrained wp-container-core-group-is-layout-fb85e995 wp-block-group-is-layout-constrained\" style=\"margin-top:0;margin-bottom:0;padding-top:var(--wp--preset--spacing--60);padding-right:var(--wp--preset--spacing--30);padding-bottom:var(--wp--preset--spacing--60);padding-left:var(--wp--preset--spacing--30)\">\n<h2 class=\"wp-block-heading has-text-align-center has-large-font-size\">Discover the power of energy healing today.<\/h2>\n\n\n\n<p class=\"has-text-align-center\" style=\"margin-top:16px\">Make a change in your life and experience well-being and balance.<\/p>\n\n\n\n<div class=\"wp-block-buttons is-content-justification-center is-layout-flex wp-container-core-buttons-is-layout-720bcce9 wp-block-buttons-is-layout-flex\">\n<div class=\"wp-block-button\"><a class=\"wp-block-button__link wp-element-button\" href=\"https:\/\/luzdereiki.com\/en\/descubre-mi-fascinacion-por-el-reiki-y-el-arte\/\">Get to know me more by clicking here<\/a><\/div>\n<\/div>\n<\/div>\n\n\n\n<p><\/p>","protected":false},"excerpt":{"rendered":"<p>SOBRE M\u00cd Sesiones de Reiki a distancia , presencial y productos espirituales para tu sanaci\u00f3n y bienestar Me llamo Cai Mart\u00ednez, soy terapeuta de Reiki y artista. Mi prop\u00f3sito es llevar paz y alegr\u00eda a tu vida a trav\u00e9s del Reiki y la expresi\u00f3n art\u00edstica. Hablo espa\u00f1ol e ingl\u00e9s, por lo que puedo ofrecerte sesiones [&hellip;]<\/p>\n","protected":false},"author":1,"featured_media":0,"parent":0,"menu_order":0,"comment_status":"closed","ping_status":"closed","template":"","meta":{"footnotes":""},"class_list":["post-85","page","type-page","status-publish","hentry"],"aioseo_notices":[],"jetpack_sharing_enabled":true,"_links":{"self":[{"href":"https:\/\/luzdereiki.com\/en\/wp-json\/wp\/v2\/pages\/85","targetHints":{"allow":["GET"]}}],"collection":[{"href":"https:\/\/luzdereiki.com\/en\/wp-json\/wp\/v2\/pages"}],"about":[{"href":"https:\/\/luzdereiki.com\/en\/wp-json\/wp\/v2\/types\/page"}],"author":[{"embeddable":true,"href":"https:\/\/luzdereiki.com\/en\/wp-json\/wp\/v2\/users\/1"}],"replies":[{"embeddable":true,"href":"https:\/\/luzdereiki.com\/en\/wp-json\/wp\/v2\/comments?post=85"}],"version-history":[{"count":36,"href":"https:\/\/luzdereiki.com\/en\/wp-json\/wp\/v2\/pages\/85\/revisions"}],"predecessor-version":[{"id":493,"href":"https:\/\/luzdereiki.com\/en\/wp-json\/wp\/v2\/pages\/85\/revisions\/493"}],"wp:attachment":[{"href":"https:\/\/luzdereiki.com\/en\/wp-json\/wp\/v2\/media?parent=85"}],"curies":[{"name":"wp","href":"https:\/\/api.w.org\/{rel}","templated":true}]}}