{"id":253,"date":"2025-04-06T19:59:12","date_gmt":"2025-04-06T19:59:12","guid":{"rendered":"https:\/\/luzdereiki.com\/?post_type=product&#038;p=253"},"modified":"2025-05-07T16:38:49","modified_gmt":"2025-05-07T16:38:49","slug":"__trashed","status":"publish","type":"product","link":"https:\/\/luzdereiki.com\/en\/product\/__trashed\/","title":{"rendered":"WELCOME REIKI DISTANCE PACK"},"content":{"rendered":"<h3 class=\"\" data-start=\"183\" data-end=\"269\"><strong data-start=\"187\" data-end=\"231\">Distance Reiki Welcome Pack <\/strong>\u2013 Your First Step Toward Wellbeing!<\/h3>\n<p class=\"\" data-start=\"271\" data-end=\"522\">If you\u2019ve never experienced a <strong data-start=\"312\" data-end=\"333\">distance Reiki session<\/strong> and would like to try how this powerful technique can help you balance your energy and reduce stress, this <strong data-start=\"447\" data-end=\"491\">Distance Reiki Welcome Pack <\/strong>is the perfect option for you.\nThis pack can only be purchased once to make it easier for you to experience distance Reiki.<\/p>\n<p class=\"\" data-start=\"524\" data-end=\"541\"><strong data-start=\"524\" data-end=\"541\">What\u2019s included?<\/strong><\/p>\n<ul data-start=\"542\" data-end=\"781\">\n<li class=\"\" data-start=\"542\" data-end=\"654\">\n<p class=\"\" data-start=\"544\" data-end=\"654\"><strong data-start=\"544\" data-end=\"603\">One free distance Reiki session + one additional session.<\/strong>.Pay only <strong data-start=\"615\" data-end=\"622\">40\u20ac<\/strong> for two 50-minute sessions.<\/p>\n<\/li>\n<li class=\"\" data-start=\"655\" data-end=\"778\">\n<p class=\"\" data-start=\"657\" data-end=\"778\"><strong data-start=\"657\" data-end=\"675\">Total duration<\/strong>50 minutes per session (5 minutes of conversation before and after, and 40 minutes of distance Reiki).<\/p>\n<\/li>\n<\/ul>\n<p class=\"\" data-start=\"782\" data-end=\"801\"><strong data-start=\"782\" data-end=\"801\">How does it work?<\/strong><\/p>\n<ol data-start=\"802\" data-end=\"1340\">\n<li class=\"\" data-start=\"802\" data-end=\"1127\">\n<p class=\"\" data-start=\"805\" data-end=\"1127\"><strong data-start=\"805\" data-end=\"839\">Session 1 \u2013 Free Welcome Session<\/strong>:We begin with a 5-minute introductory conversation, where I\u2019ll explain how distance Reiki works and we\u2019ll talk about you and what you would like to address or improve. Then, for 40 minutes, I\u2019ll send you Reiki energy to help release blockages, reduce tension, and promote overall wellbeing.<\/p>\n<\/li>\n<li class=\"\" data-start=\"1132\" data-end=\"1340\">\n<p class=\"\" data-start=\"1135\" data-end=\"1340\"><strong data-start=\"1135\" data-end=\"1165\">Session 2 \u2013 Full Session<\/strong>:After experiencing Reiki, we\u2019ll schedule the second distance Reiki session on another day. This session will be just as deep and transformative, helping you continue your healing and balancing process.<\/p>\n<\/li>\n<\/ol>\n<p class=\"\" data-start=\"1342\" data-end=\"1357\"><strong data-start=\"1342\" data-end=\"1356\">Ideal for<\/strong>:<\/p>\n<ul data-start=\"1358\" data-end=\"1625\">\n<li class=\"\" data-start=\"1358\" data-end=\"1412\">\n<p class=\"\" data-start=\"1360\" data-end=\"1412\">Those who have never tried distance Reiki.<\/p>\n<\/li>\n<li class=\"\" data-start=\"1413\" data-end=\"1517\">\n<p class=\"\" data-start=\"1415\" data-end=\"1517\">People looking to improve emotional wellbeing, reduce stress, or enhance their quality of life.<\/p>\n<\/li>\n<li class=\"\" data-start=\"1518\" data-end=\"1625\">\n<p class=\"\" data-start=\"1520\" data-end=\"1625\">Anyone who wants to experience the power of Reiki from the comfort of their home, with no need to travel.<\/p>\n<\/li>\n<\/ul>\n<p class=\"\" data-start=\"1627\" data-end=\"1664\"><strong data-start=\"1627\" data-end=\"1663\">Benefits of Distance Reiki<\/strong>:<\/p>\n<ul data-start=\"1665\" data-end=\"1824\">\n<li class=\"\" data-start=\"1665\" data-end=\"1698\">\n<p class=\"\" data-start=\"1667\" data-end=\"1698\">Reduction of stress and anxiety<\/p>\n<\/li>\n<li class=\"\" data-start=\"1699\" data-end=\"1743\">\n<p class=\"\" data-start=\"1701\" data-end=\"1743\">Relief of emotional and physical tension<\/p>\n<\/li>\n<li class=\"\" data-start=\"1744\" data-end=\"1783\">\n<p class=\"\" data-start=\"1746\" data-end=\"1783\">Increased vitality and energy<\/p>\n<\/li>\n<li class=\"\" data-start=\"1784\" data-end=\"1824\">\n<p class=\"\" data-start=\"1786\" data-end=\"1824\">Deep connection with your inner self<\/p>\n<\/li>\n<\/ul>\n<p class=\"\" data-start=\"1826\" data-end=\"1928\"><strong data-start=\"1826\" data-end=\"1836\">Price<\/strong>: <strong data-start=\"1838\" data-end=\"1845\">40\u20ac<\/strong> for the <strong data-start=\"1854\" data-end=\"1882\">two 50-minute sessions (one free session + one additional session)<\/strong> (una sesi\u00f3n gratuita + una sesi\u00f3n adicional).<\/p>\n<h3 class=\"\" data-start=\"1930\" data-end=\"2083\">This is the perfect moment to start your journey toward wellbeing!\nTake advantage of this special offer and discover how Reiki can transform your life.<\/h3>","protected":false},"excerpt":{"rendered":"<p>Pack de Bienvenida Reiki a Distancia \u2013 \u00a1Tu primer paso hacia el bienestar! Si nunca has experimentado una sesi\u00f3n de Reiki a distancia y te gustar\u00eda probar c\u00f3mo esta poderosa t\u00e9cnica puede ayudarte a equilibrar tu energ\u00eda y reducir el estr\u00e9s, este Pack de Bienvenida Reiki a Distancia es la opci\u00f3n perfecta para ti.Este pack [&hellip;]<\/p>\n","protected":false},"featured_media":293,"comment_status":"open","ping_status":"closed","template":"","meta":[],"product_brand":[],"product_cat":[18],"product_tag":[],"class_list":{"0":"post-253","1":"product","2":"type-product","3":"status-publish","4":"has-post-thumbnail","6":"product_cat-sin-categorizar","8":"first","9":"instock","10":"sale","11":"shipping-taxable","12":"purchasable","13":"product-type-simple"},"aioseo_notices":[],"jetpack_sharing_enabled":true,"_links":{"self":[{"href":"https:\/\/luzdereiki.com\/en\/wp-json\/wp\/v2\/product\/253","targetHints":{"allow":["GET"]}}],"collection":[{"href":"https:\/\/luzdereiki.com\/en\/wp-json\/wp\/v2\/product"}],"about":[{"href":"https:\/\/luzdereiki.com\/en\/wp-json\/wp\/v2\/types\/product"}],"replies":[{"embeddable":true,"href":"https:\/\/luzdereiki.com\/en\/wp-json\/wp\/v2\/comments?post=253"}],"wp:featuredmedia":[{"embeddable":true,"href":"https:\/\/luzdereiki.com\/en\/wp-json\/wp\/v2\/media\/293"}],"wp:attachment":[{"href":"https:\/\/luzdereiki.com\/en\/wp-json\/wp\/v2\/media?parent=253"}],"wp:term":[{"taxonomy":"product_brand","embeddable":true,"href":"https:\/\/luzdereiki.com\/en\/wp-json\/wp\/v2\/product_brand?post=253"},{"taxonomy":"product_cat","embeddable":true,"href":"https:\/\/luzdereiki.com\/en\/wp-json\/wp\/v2\/product_cat?post=253"},{"taxonomy":"product_tag","embeddable":true,"href":"https:\/\/luzdereiki.com\/en\/wp-json\/wp\/v2\/product_tag?post=253"}],"curies":[{"name":"wp","href":"https:\/\/api.w.org\/{rel}","templated":true}]}}