{"id":255,"date":"2025-04-07T09:19:10","date_gmt":"2025-04-07T09:19:10","guid":{"rendered":"https:\/\/luzdereiki.com\/?post_type=product&#038;p=255"},"modified":"2025-05-07T16:32:34","modified_gmt":"2025-05-07T16:32:34","slug":"pack-de-sesion-unica-de-reiki-a-distancia","status":"publish","type":"product","link":"https:\/\/luzdereiki.com\/en\/product\/pack-de-sesion-unica-de-reiki-a-distancia\/","title":{"rendered":"SINGLE REIKI DISTANCE SESSION PACK"},"content":{"rendered":"<p class=\"\" data-start=\"742\" data-end=\"1027\">Pack<strong data-start=\"742\" data-end=\"787\"> Single Session Distance Reiki Pack<\/strong><br data-start=\"787\" data-end=\"790\" \/>Sometimes, all you need is a moment of peace and healing. This pack is perfect for those who want a <strong data-start=\"895\" data-end=\"922\">one-time Reiki session<\/strong> to relieve tension, reduce stress, or balance their energy during specific moments in their life or simply treat themselves to a session of peace and wellbeing.<\/p>\n<ul data-start=\"1028\" data-end=\"1503\">\n<li class=\"\" data-start=\"1028\" data-end=\"1134\">\n<p class=\"\" data-start=\"1030\" data-end=\"1134\"><strong data-start=\"1030\" data-end=\"1042\">Duration<\/strong>:50 minutes (5 minutes of conversation before and after, 40 minutes of distance Reiki)<\/p>\n<\/li>\n<li class=\"\" data-start=\"1135\" data-end=\"1160\">\n<p class=\"\" data-start=\"1137\" data-end=\"1160\"><strong data-start=\"1137\" data-end=\"1147\">Price<\/strong>: 40 euros.<\/p>\n<\/li>\n<li class=\"\" data-start=\"1161\" data-end=\"1503\">\n<p class=\"\" data-start=\"1163\" data-end=\"1180\"><strong data-start=\"1163\" data-end=\"1177\">Ideal for<\/strong>:<\/p>\n<ul data-start=\"1184\" data-end=\"1503\">\n<li class=\"\" data-start=\"1184\" data-end=\"1284\">\n<p class=\"\" data-start=\"1186\" data-end=\"1284\">Those who need help during a specific moment of stress, emotional blockages, or physical pain.<\/p>\n<\/li>\n<li class=\"\" data-start=\"1288\" data-end=\"1357\">\n<p class=\"\" data-start=\"1290\" data-end=\"1357\">People who want to have a Reiki session without committing to additional sessions.<\/p>\n<\/li>\n<li class=\"\" data-start=\"1361\" data-end=\"1503\">\n<p class=\"\" data-start=\"1363\" data-end=\"1503\">Clients who wish to heal emotionally after specific events, such as a loss, a major change, or a stressful situation.<\/p>\n<\/li>\n<\/ul>\n<\/li>\n<\/ul>","protected":false},"excerpt":{"rendered":"<p>Pack de Sesi\u00f3n \u00danica de Reiki a DistanciaA veces, solo necesitas un momento de paz y sanaci\u00f3n. Este pack es perfecto para aquellos que desean una sesi\u00f3n puntual de Reiki para aliviar tensiones, reducir el estr\u00e9s, o equilibrar su energ\u00eda en momentos espec\u00edficos de su vida o simplemente regalarse una sesi\u00f3n de paz y bienestar. [&hellip;]<\/p>\n","protected":false},"featured_media":268,"comment_status":"open","ping_status":"closed","template":"","meta":[],"product_brand":[],"product_cat":[18],"product_tag":[],"class_list":{"0":"post-255","1":"product","2":"type-product","3":"status-publish","4":"has-post-thumbnail","6":"product_cat-sin-categorizar","8":"first","9":"instock","10":"sale","11":"shipping-taxable","12":"purchasable","13":"product-type-simple"},"aioseo_notices":[],"jetpack_sharing_enabled":true,"_links":{"self":[{"href":"https:\/\/luzdereiki.com\/en\/wp-json\/wp\/v2\/product\/255","targetHints":{"allow":["GET"]}}],"collection":[{"href":"https:\/\/luzdereiki.com\/en\/wp-json\/wp\/v2\/product"}],"about":[{"href":"https:\/\/luzdereiki.com\/en\/wp-json\/wp\/v2\/types\/product"}],"replies":[{"embeddable":true,"href":"https:\/\/luzdereiki.com\/en\/wp-json\/wp\/v2\/comments?post=255"}],"wp:featuredmedia":[{"embeddable":true,"href":"https:\/\/luzdereiki.com\/en\/wp-json\/wp\/v2\/media\/268"}],"wp:attachment":[{"href":"https:\/\/luzdereiki.com\/en\/wp-json\/wp\/v2\/media?parent=255"}],"wp:term":[{"taxonomy":"product_brand","embeddable":true,"href":"https:\/\/luzdereiki.com\/en\/wp-json\/wp\/v2\/product_brand?post=255"},{"taxonomy":"product_cat","embeddable":true,"href":"https:\/\/luzdereiki.com\/en\/wp-json\/wp\/v2\/product_cat?post=255"},{"taxonomy":"product_tag","embeddable":true,"href":"https:\/\/luzdereiki.com\/en\/wp-json\/wp\/v2\/product_tag?post=255"}],"curies":[{"name":"wp","href":"https:\/\/api.w.org\/{rel}","templated":true}]}}