{"id":258,"date":"2025-04-07T09:16:03","date_gmt":"2025-04-07T09:16:03","guid":{"rendered":"https:\/\/luzdereiki.com\/?post_type=product&#038;p=258"},"modified":"2025-05-07T17:02:21","modified_gmt":"2025-05-07T17:02:21","slug":"pack-de-bienestar-energetico-4-sesiones","status":"publish","type":"product","link":"https:\/\/luzdereiki.com\/en\/product\/pack-de-bienestar-energetico-4-sesiones\/","title":{"rendered":"ENERGETIC WELLNESS PACK: 4 DISTANCE REIKI SESSIONS"},"content":{"rendered":"<p class=\"\" data-start=\"2257\" data-end=\"2564\"><strong data-start=\"2257\" data-end=\"2311\">ENERGETIC WELLNESS PACK: 4 SESSIONS<\/strong><br data-start=\"2311\" data-end=\"2314\" \/>This pack is perfect for those who wish to maintain a <strong data-start=\"2369\" data-end=\"2392\">balanced energy<\/strong> and enjoy ongoing well-being. By offering regular sessions, you\u2019ll be able to release accumulated tension, restore your vitality, and stay in harmony with your surroundings.<\/p>\n<ul data-start=\"2565\" data-end=\"3214\">\n<li class=\"\" data-start=\"2565\" data-end=\"2674\">\n<p class=\"\" data-start=\"2567\" data-end=\"2674\"><strong data-start=\"2567\" data-end=\"2594\">Duration of each sesssion:<\/strong>50 minutes (5 minutes of conversation before and after, 40 minutes of Reiki).<\/p>\n<\/li>\n<li class=\"\" data-start=\"2675\" data-end=\"2738\">\n<p class=\"\" data-start=\"2677\" data-end=\"2738\"><strong data-start=\"2677\" data-end=\"2699\">Number of sessions<\/strong>: <strong data-start=\"2713\" data-end=\"2735\">4<\/strong><\/p>\n<\/li>\n<li class=\"\" data-start=\"2739\" data-end=\"2905\">\n<p class=\"\" data-start=\"2741\" data-end=\"2754\"><strong data-start=\"2741\" data-end=\"2751\">Price<\/strong>:<\/p>\n<ul data-start=\"2758\" data-end=\"2905\">\n<li class=\"\" data-start=\"2758\" data-end=\"2804\">\n<p class=\"\" data-start=\"2760\" data-end=\"2804\"><strong data-start=\"2760\" data-end=\"2774\">4 sessions:<\/strong>\u20ac150 (discount applied).<\/p>\n<\/li>\n<\/ul>\n<\/li>\n<li class=\"\" data-start=\"2906\" data-end=\"3214\">\n<p class=\"\" data-start=\"2908\" data-end=\"2925\"><strong data-start=\"2908\" data-end=\"2922\">Ideal for<\/strong>:<\/p>\n<ul data-start=\"2929\" data-end=\"3214\">\n<li class=\"\" data-start=\"2929\" data-end=\"3005\">\n<p class=\"\" data-start=\"2931\" data-end=\"3005\">People who are looking to improve their physical and emotional well-being in the long term.<\/p>\n<\/li>\n<li class=\"\" data-start=\"3009\" data-end=\"3120\">\n<p class=\"\" data-start=\"3011\" data-end=\"3120\">Those who wish to maintain their energy balanced consistently and reduce stress regularly.<\/p>\n<\/li>\n<li class=\"\" data-start=\"3124\" data-end=\"3214\">\n<p class=\"\" data-start=\"3126\" data-end=\"3214\">Clients who want to enjoy a state of harmony and inner peace in their daily life.<\/p>\n<\/li>\n<\/ul>\n<\/li>\n<\/ul>","protected":false},"excerpt":{"rendered":"<p>Pack de Bienestar Energ\u00e9tico con Reiki a Distancia:4 SESIONES.Este pack es perfecto para quienes desean mantener una energ\u00eda equilibrada y disfrutar de un bienestar continuo. Al ofrecer sesiones peri\u00f3dicas, podr\u00e1s liberar tensiones acumuladas, restaurar tu vitalidad y mantenerte en armon\u00eda con tu entorno. Duraci\u00f3n de cada sesi\u00f3n: 50 minutos (5 minutos de conversaci\u00f3n antes y [&hellip;]<\/p>\n","protected":false},"featured_media":289,"comment_status":"open","ping_status":"closed","template":"","meta":[],"product_brand":[],"product_cat":[18],"product_tag":[],"class_list":{"0":"post-258","1":"product","2":"type-product","3":"status-publish","4":"has-post-thumbnail","6":"product_cat-sin-categorizar","8":"first","9":"instock","10":"sale","11":"shipping-taxable","12":"purchasable","13":"product-type-simple"},"aioseo_notices":[],"jetpack_sharing_enabled":true,"_links":{"self":[{"href":"https:\/\/luzdereiki.com\/en\/wp-json\/wp\/v2\/product\/258","targetHints":{"allow":["GET"]}}],"collection":[{"href":"https:\/\/luzdereiki.com\/en\/wp-json\/wp\/v2\/product"}],"about":[{"href":"https:\/\/luzdereiki.com\/en\/wp-json\/wp\/v2\/types\/product"}],"replies":[{"embeddable":true,"href":"https:\/\/luzdereiki.com\/en\/wp-json\/wp\/v2\/comments?post=258"}],"wp:featuredmedia":[{"embeddable":true,"href":"https:\/\/luzdereiki.com\/en\/wp-json\/wp\/v2\/media\/289"}],"wp:attachment":[{"href":"https:\/\/luzdereiki.com\/en\/wp-json\/wp\/v2\/media?parent=258"}],"wp:term":[{"taxonomy":"product_brand","embeddable":true,"href":"https:\/\/luzdereiki.com\/en\/wp-json\/wp\/v2\/product_brand?post=258"},{"taxonomy":"product_cat","embeddable":true,"href":"https:\/\/luzdereiki.com\/en\/wp-json\/wp\/v2\/product_cat?post=258"},{"taxonomy":"product_tag","embeddable":true,"href":"https:\/\/luzdereiki.com\/en\/wp-json\/wp\/v2\/product_tag?post=258"}],"curies":[{"name":"wp","href":"https:\/\/api.w.org\/{rel}","templated":true}]}}